{"id":1063,"date":"2019-05-11T06:41:12","date_gmt":"2019-05-11T06:41:12","guid":{"rendered":"http:\/\/ssc-hanau-rodenbach.de\/?page_id=1063"},"modified":"2019-05-11T06:41:12","modified_gmt":"2019-05-11T06:41:12","slug":"impressum","status":"publish","type":"page","link":"https:\/\/ssc-hanau-rodenbach.de\/?page_id=1063","title":{"rendered":"Impressum"},"content":{"rendered":"<p>&nbsp;<\/p>\n<p>SSC Hanau-Rodenbach e.V.<br \/>\nGesch\u00e4ftsstelle<br \/>\nS\u00fcdring 5<br \/>\n63571 Rodenbach<\/p>\n<p>Telefon: 0 6184 56923<br \/>\nE-Mail: arndtsascha11@gmx.de<br \/>\nInternet: <a href=\"http:\/\/www.ssc-hanau-rodenbach.de\">www.ssc-hanau-rodenbach.de<\/a><\/p>\n<p>Vorsitzender: Sascha Arndt<br \/>\nRegistergericht: Amtsgericht Hanau<br \/>\nRegisternummer: VR 873<\/p>\n<p>&nbsp;<\/p>\n<p><strong>Haftungshinweis:<\/strong>\u00a0Trotz sorgf\u00e4ltiger inhaltlicher Kontrolle \u00fcbernehmen wir keine Haftung f\u00fcr die Inhalte externer Links. F\u00fcr den Inhalt der verlinkten Seiten sind ausschlie\u00dflich deren Betreiber verantwortlich.<\/p>\n<p>Konzeption und Umsetzung der Website<\/p>\n<ol>\n<li>Nechepurenko<\/li>\n<\/ol>\n<p>co <a href=\"mailto:arndtsascha11@gmx.de\">arndtsascha11@gmx.de<\/a><\/p>\n","protected":false},"excerpt":{"rendered":"","protected":false},"author":1,"featured_media":0,"parent":0,"menu_order":0,"comment_status":"closed","ping_status":"closed","template":"","meta":[],"_links":{"self":[{"href":"https:\/\/ssc-hanau-rodenbach.de\/index.php?rest_route=\/wp\/v2\/pages\/1063"}],"collection":[{"href":"https:\/\/ssc-hanau-rodenbach.de\/index.php?rest_route=\/wp\/v2\/pages"}],"about":[{"href":"https:\/\/ssc-hanau-rodenbach.de\/index.php?rest_route=\/wp\/v2\/types\/page"}],"author":[{"embeddable":true,"href":"https:\/\/ssc-hanau-rodenbach.de\/index.php?rest_route=\/wp\/v2\/users\/1"}],"replies":[{"embeddable":true,"href":"https:\/\/ssc-hanau-rodenbach.de\/index.php?rest_route=%2Fwp%2Fv2%2Fcomments&post=1063"}],"version-history":[{"count":2,"href":"https:\/\/ssc-hanau-rodenbach.de\/index.php?rest_route=\/wp\/v2\/pages\/1063\/revisions"}],"predecessor-version":[{"id":1065,"href":"https:\/\/ssc-hanau-rodenbach.de\/index.php?rest_route=\/wp\/v2\/pages\/1063\/revisions\/1065"}],"wp:attachment":[{"href":"https:\/\/ssc-hanau-rodenbach.de\/index.php?rest_route=%2Fwp%2Fv2%2Fmedia&parent=1063"}],"curies":[{"name":"wp","href":"https:\/\/api.w.org\/{rel}","templated":true}]}}